{"id":245,"date":"2013-12-31T17:26:01","date_gmt":"2013-12-31T16:26:01","guid":{"rendered":"http:\/\/wp1149244.wp072.webpack.hosteurope.de\/?page_id=245"},"modified":"2013-12-31T17:26:01","modified_gmt":"2013-12-31T16:26:01","slug":"article-scrum-untergang-der-test-center","status":"publish","type":"page","link":"http:\/\/www.klaushaller.net\/?page_id=245","title":{"rendered":"Article: SCRUM \u2013 Untergang der Test Center?"},"content":{"rendered":"<p>Author: Klaus Haller<br \/>\nPublished in: SQ Magazin, Ausgabe 27, Juni 2013<\/p>\n<p>Tester haben das V-Modell mit seinen Teststufen verinnerlicht. Sie reagieren verunsichert, wenn neu agil Software entwickelt wird. Das V-Modell sammelt am Projektbeginn alle Anforderungen \u2013 vollst\u00e4ndig und abschliessend. Die Software wird entwickelt, durchgetestet und danach dem Kunden \u00fcbergeben. Das ist bei der agilen Softwareentwicklung anders. Das Agile Manifest akzeptiert auch sp\u00e4tere oder sich \u00e4ndernde Anforderungen nach Projektbeginn. Weiter fordert es regelm\u00e4ssig lauff\u00e4hige Zwischenversionen. Agile Entwicklung stellt also bekannte Regeln in Frage und hat damit Erfolg. Jenseits anekdotischer Jubelberichte agiler Projekte und ihrer Projektleiter belegen Studien die Vorteile. So loben Vijayasarathy und Turk: \u201eThe ability to meet Client needs and the delivery of quality software products on time are significant benefits of agile development \u2026\u201d.<\/p>\n<p><strong>Read the full paper:<\/strong><br \/>\n<\/strong> <a title=\"SCRUM: Untergang der Test Center?\" href=\"http:\/\/www.klaushaller.net\/media\/Haller_Scrum_TestCenter_SQMagazin062013.pdf\">Klaus Haller: SCRUM: Untergang der Test Center?<\/a><\/p>\n<p><script>\n  (function(i,s,o,g,r,a,m){i['GoogleAnalyticsObject']=r;i[r]=i[r]||function(){\n  (i[r].q=i[r].q||[]).push(arguments)},i[r].l=1*new Date();a=s.createElement(o),\n  m=s.getElementsByTagName(o)[0];a.async=1;a.src=g;m.parentNode.insertBefore(a,m)\n  })(window,document,'script','\/\/www.google-analytics.com\/analytics.js','ga');<\/p>\n<p>  ga('create', 'UA-35041728-1', 'klaushaller.net');\n  ga('send', 'pageview');<\/p>\n<p><\/script><\/p>\n","protected":false},"excerpt":{"rendered":"<p>Author: Klaus Haller Published in: SQ Magazin, Ausgabe 27, Juni 2013 Tester haben das V-Modell mit seinen Teststufen verinnerlicht. Sie reagieren verunsichert, wenn neu agil Software entwickelt wird. Das V-Modell sammelt am Projektbeginn alle Anforderungen \u2013 vollst\u00e4ndig und abschliessend. Die Software wird entwickelt, durchgetestet und danach dem Kunden \u00fcbergeben. Das ist bei der agilen Softwareentwicklung [&hellip;]<\/p>\n","protected":false},"author":1,"featured_media":0,"parent":230,"menu_order":0,"comment_status":"open","ping_status":"open","template":"","meta":{"footnotes":""},"class_list":["post-245","page","type-page","status-publish","hentry"],"_links":{"self":[{"href":"http:\/\/www.klaushaller.net\/index.php?rest_route=\/wp\/v2\/pages\/245","targetHints":{"allow":["GET"]}}],"collection":[{"href":"http:\/\/www.klaushaller.net\/index.php?rest_route=\/wp\/v2\/pages"}],"about":[{"href":"http:\/\/www.klaushaller.net\/index.php?rest_route=\/wp\/v2\/types\/page"}],"author":[{"embeddable":true,"href":"http:\/\/www.klaushaller.net\/index.php?rest_route=\/wp\/v2\/users\/1"}],"replies":[{"embeddable":true,"href":"http:\/\/www.klaushaller.net\/index.php?rest_route=%2Fwp%2Fv2%2Fcomments&post=245"}],"version-history":[{"count":5,"href":"http:\/\/www.klaushaller.net\/index.php?rest_route=\/wp\/v2\/pages\/245\/revisions"}],"predecessor-version":[{"id":258,"href":"http:\/\/www.klaushaller.net\/index.php?rest_route=\/wp\/v2\/pages\/245\/revisions\/258"}],"up":[{"embeddable":true,"href":"http:\/\/www.klaushaller.net\/index.php?rest_route=\/wp\/v2\/pages\/230"}],"wp:attachment":[{"href":"http:\/\/www.klaushaller.net\/index.php?rest_route=%2Fwp%2Fv2%2Fmedia&parent=245"}],"curies":[{"name":"wp","href":"https:\/\/api.w.org\/{rel}","templated":true}]}}