{"id":306,"date":"2014-01-26T00:24:12","date_gmt":"2014-01-25T23:24:12","guid":{"rendered":"http:\/\/wp1149244.wp072.webpack.hosteurope.de\/?page_id=306"},"modified":"2018-05-13T12:59:46","modified_gmt":"2018-05-13T11:59:46","slug":"testdaten-als-risikofaktor","status":"publish","type":"page","link":"http:\/\/www.klaushaller.net\/?page_id=306","title":{"rendered":"Article: Testdaten als Risikofaktor"},"content":{"rendered":"<p>Author: Klaus Haller<br \/>\nPublished in: SQ Magazin, Ausgabe 29, Dezember 2013<\/p>\n<p><em>Eine klare Testdatenrichtlinie reduziert die Gefahr eines Missbrauchs sensibler Daten.<\/em><\/p>\n<p>Welcher Tester will schon vor Gericht stehen, nur weil er seinen Job gemacht hat? Sicher keiner! Doch was gestern Standard war, ist heute ein Risiko. Ein professionelles Testdaten-Management verringert die Gefahr, dass sensible Daten im Testprozess missbraucht werden. Um Gesetzesverst\u00f6\u00dfe und Datenverluste bei Outsourcing und Offshoring von Testverfahren zu vermeiden, ben\u00f6tigen Unternehmen klare Richtlinien f\u00fcr Testdaten und m\u00fcssen ihre Umsetzung konsequent \u00fcberwachen.<\/p>\n<p><strong>Read the full paper:<\/strong><br \/>\n<\/strong> <a title=\"Testdaten als Risikofaktor\" href=\"http:\/\/wp1149244.server-he.de\/wp-content\/uploads\/2014\/01\/SQ-Magazin-29_-Haller_Testdaten.pdf\">Klaus Haller: Testdaten als Risikofaktor &#8211; Eine klare Testdatenrichtlinie reduziert die Gefahr eines Missbrauchs sensibler Daten<\/a><\/p>\n","protected":false},"excerpt":{"rendered":"<p>Author: Klaus Haller Published in: SQ Magazin, Ausgabe 29, Dezember 2013 Eine klare Testdatenrichtlinie reduziert die Gefahr eines Missbrauchs sensibler Daten. Welcher Tester will schon vor Gericht stehen, nur weil er seinen Job gemacht hat? Sicher keiner! Doch was gestern Standard war, ist heute ein Risiko. Ein professionelles Testdaten-Management verringert die Gefahr, dass sensible Daten [&hellip;]<\/p>\n","protected":false},"author":1,"featured_media":0,"parent":298,"menu_order":2,"comment_status":"open","ping_status":"open","template":"","meta":{"footnotes":""},"class_list":["post-306","page","type-page","status-publish","hentry"],"_links":{"self":[{"href":"http:\/\/www.klaushaller.net\/index.php?rest_route=\/wp\/v2\/pages\/306","targetHints":{"allow":["GET"]}}],"collection":[{"href":"http:\/\/www.klaushaller.net\/index.php?rest_route=\/wp\/v2\/pages"}],"about":[{"href":"http:\/\/www.klaushaller.net\/index.php?rest_route=\/wp\/v2\/types\/page"}],"author":[{"embeddable":true,"href":"http:\/\/www.klaushaller.net\/index.php?rest_route=\/wp\/v2\/users\/1"}],"replies":[{"embeddable":true,"href":"http:\/\/www.klaushaller.net\/index.php?rest_route=%2Fwp%2Fv2%2Fcomments&post=306"}],"version-history":[{"count":12,"href":"http:\/\/www.klaushaller.net\/index.php?rest_route=\/wp\/v2\/pages\/306\/revisions"}],"predecessor-version":[{"id":755,"href":"http:\/\/www.klaushaller.net\/index.php?rest_route=\/wp\/v2\/pages\/306\/revisions\/755"}],"up":[{"embeddable":true,"href":"http:\/\/www.klaushaller.net\/index.php?rest_route=\/wp\/v2\/pages\/298"}],"wp:attachment":[{"href":"http:\/\/www.klaushaller.net\/index.php?rest_route=%2Fwp%2Fv2%2Fmedia&parent=306"}],"curies":[{"name":"wp","href":"https:\/\/api.w.org\/{rel}","templated":true}]}}