{"id":164,"date":"2013-12-31T01:19:00","date_gmt":"2013-12-31T00:19:00","guid":{"rendered":"http:\/\/wp1149244.wp072.webpack.hosteurope.de\/?page_id=164"},"modified":"2013-12-31T01:19:00","modified_gmt":"2013-12-31T00:19:00","slug":"article-test-data-management-investieren-oder-ignorieren","status":"publish","type":"page","link":"https:\/\/www.klaushaller.net\/?page_id=164","title":{"rendered":"Article: Test Data Management \u2013 Investieren oder ignorieren?"},"content":{"rendered":"<p>Author: Klaus Haller<br \/>\nPublished in: SQ Magazin, Ausgabe 22, M\u00e4rz 2012<\/p>\n<p><em><strong>Abstract. <\/strong><\/em>Die Jagdsaison ist er\u00f6ffnet. Neue und etablierte Toolanbieter r\u00fcsten beim Thema Test Data Management auf. Und wenn Gartner dieses Feature (mit)bewertet, muss es wichtig sein. Ist also jetzt die Zeit reif, um mit Toolherstellern zu reden, das beste Tool zu finden und im eigenen Test Center einzuf\u00fchren? Wer so vorgeht, riskiert eine Investitionsruine. Tools, die unterst\u00fctzen, sind wichtig. Ihre Rolle beim Test Data Management wird aber oft \u00fcberbewertet. Daher erkl\u00e4rt dieser Artikel, was Testorganisationen und IT-Abteilungen mit Test Data Management erreichen k\u00f6nnen und was daf\u00fcr notwendig ist.<\/p>\n<p><strong>Read the full paper:<\/strong><br \/>\n<\/strong> <a title=\"Test Data Management \u2013 Investieren oder ignorieren?\" href=\"http:\/\/www.klaushaller.net\/media\/SQMagazin22_Haller_Test_Daten_Management.pdf\">Klaus Haller: Test Data Management \u2013 Investieren oder ignorieren? (SQ Magazin)<\/a><\/p>\n<p><script>\n  (function(i,s,o,g,r,a,m){i['GoogleAnalyticsObject']=r;i[r]=i[r]||function(){\n  (i[r].q=i[r].q||[]).push(arguments)},i[r].l=1*new Date();a=s.createElement(o),\n  m=s.getElementsByTagName(o)[0];a.async=1;a.src=g;m.parentNode.insertBefore(a,m)\n  })(window,document,'script','\/\/www.google-analytics.com\/analytics.js','ga');<\/p>\n<p>  ga('create', 'UA-35041728-1', 'klaushaller.net');\n  ga('send', 'pageview');<\/p>\n<p><\/script><\/p>\n","protected":false},"excerpt":{"rendered":"<p>Author: Klaus Haller Published in: SQ Magazin, Ausgabe 22, M\u00e4rz 2012 Abstract. Die Jagdsaison ist er\u00f6ffnet. Neue und etablierte Toolanbieter r\u00fcsten beim Thema Test Data Management auf. Und wenn Gartner dieses Feature (mit)bewertet, muss es wichtig sein. Ist also jetzt die Zeit reif, um mit Toolherstellern zu reden, das beste Tool zu finden und im [&hellip;]<\/p>\n","protected":false},"author":1,"featured_media":0,"parent":139,"menu_order":0,"comment_status":"open","ping_status":"open","template":"","meta":{"footnotes":""},"class_list":["post-164","page","type-page","status-publish","hentry"],"_links":{"self":[{"href":"https:\/\/www.klaushaller.net\/index.php?rest_route=\/wp\/v2\/pages\/164","targetHints":{"allow":["GET"]}}],"collection":[{"href":"https:\/\/www.klaushaller.net\/index.php?rest_route=\/wp\/v2\/pages"}],"about":[{"href":"https:\/\/www.klaushaller.net\/index.php?rest_route=\/wp\/v2\/types\/page"}],"author":[{"embeddable":true,"href":"https:\/\/www.klaushaller.net\/index.php?rest_route=\/wp\/v2\/users\/1"}],"replies":[{"embeddable":true,"href":"https:\/\/www.klaushaller.net\/index.php?rest_route=%2Fwp%2Fv2%2Fcomments&post=164"}],"version-history":[{"count":6,"href":"https:\/\/www.klaushaller.net\/index.php?rest_route=\/wp\/v2\/pages\/164\/revisions"}],"predecessor-version":[{"id":178,"href":"https:\/\/www.klaushaller.net\/index.php?rest_route=\/wp\/v2\/pages\/164\/revisions\/178"}],"up":[{"embeddable":true,"href":"https:\/\/www.klaushaller.net\/index.php?rest_route=\/wp\/v2\/pages\/139"}],"wp:attachment":[{"href":"https:\/\/www.klaushaller.net\/index.php?rest_route=%2Fwp%2Fv2%2Fmedia&parent=164"}],"curies":[{"name":"wp","href":"https:\/\/api.w.org\/{rel}","templated":true}]}}