{"id":315,"date":"2014-01-26T00:28:35","date_gmt":"2014-01-25T23:28:35","guid":{"rendered":"http:\/\/wp1149244.wp072.webpack.hosteurope.de\/?page_id=315"},"modified":"2018-05-13T12:59:59","modified_gmt":"2018-05-13T11:59:59","slug":"article-data-loss-prevention-tools-minimieren-sicherheitslucken-in-testumgebungen","status":"publish","type":"page","link":"https:\/\/www.klaushaller.net\/?page_id=315","title":{"rendered":"Article: Data-Loss-Prevention-Tools minimieren Sicherheitsl\u00fccken in Testumgebungen"},"content":{"rendered":"<p>Author: Klaus Haller<br \/>\nPublished in: SQ Magazin, Ausgabe 29, Dezember 2013<\/p>\n<p>Data Loss Prevention-Tools (DLP) unterst\u00fctzen das regelm\u00e4\u00dfige \u00dcberpr\u00fcfen der Testumgebung in Hinblick auf sicherheitsrelevante Risiken. Sie finden sensible Daten wie Kreditkarten\u00acnummern, Kundennamen oder auch CAD-Files in Datenbanken, Files oder Emails etc. &#8230;<\/p>\n<p><strong>Read the full paper:<\/strong><br \/>\n<\/strong> <a title=\"Data-Loss-Prevention-Tools minimieren Sicherheitsl\u00fccken in Testumgebungen\" href=\"http:\/\/wp1149244.server-he.de\/wp-content\/uploads\/2014\/01\/SQ-Magazin-29_Haller_Data-Loss.pdf\">Klaus Haller: Data-Loss-Prevention-Tools minimieren Sicherheitsl\u00fccken in Testumgebungen<\/a><\/p>\n","protected":false},"excerpt":{"rendered":"<p>Author: Klaus Haller Published in: SQ Magazin, Ausgabe 29, Dezember 2013 Data Loss Prevention-Tools (DLP) unterst\u00fctzen das regelm\u00e4\u00dfige \u00dcberpr\u00fcfen der Testumgebung in Hinblick auf sicherheitsrelevante Risiken. Sie finden sensible Daten wie Kreditkarten\u00acnummern, Kundennamen oder auch CAD-Files in Datenbanken, Files oder Emails etc. &#8230; Read the full paper: Klaus Haller: Data-Loss-Prevention-Tools minimieren Sicherheitsl\u00fccken in Testumgebungen<\/p>\n","protected":false},"author":1,"featured_media":0,"parent":298,"menu_order":3,"comment_status":"open","ping_status":"open","template":"","meta":{"footnotes":""},"class_list":["post-315","page","type-page","status-publish","hentry"],"_links":{"self":[{"href":"https:\/\/www.klaushaller.net\/index.php?rest_route=\/wp\/v2\/pages\/315","targetHints":{"allow":["GET"]}}],"collection":[{"href":"https:\/\/www.klaushaller.net\/index.php?rest_route=\/wp\/v2\/pages"}],"about":[{"href":"https:\/\/www.klaushaller.net\/index.php?rest_route=\/wp\/v2\/types\/page"}],"author":[{"embeddable":true,"href":"https:\/\/www.klaushaller.net\/index.php?rest_route=\/wp\/v2\/users\/1"}],"replies":[{"embeddable":true,"href":"https:\/\/www.klaushaller.net\/index.php?rest_route=%2Fwp%2Fv2%2Fcomments&post=315"}],"version-history":[{"count":7,"href":"https:\/\/www.klaushaller.net\/index.php?rest_route=\/wp\/v2\/pages\/315\/revisions"}],"predecessor-version":[{"id":756,"href":"https:\/\/www.klaushaller.net\/index.php?rest_route=\/wp\/v2\/pages\/315\/revisions\/756"}],"up":[{"embeddable":true,"href":"https:\/\/www.klaushaller.net\/index.php?rest_route=\/wp\/v2\/pages\/298"}],"wp:attachment":[{"href":"https:\/\/www.klaushaller.net\/index.php?rest_route=%2Fwp%2Fv2%2Fmedia&parent=315"}],"curies":[{"name":"wp","href":"https:\/\/api.w.org\/{rel}","templated":true}]}}